{"id":4292,"date":"2014-12-02T19:22:21","date_gmt":"2014-12-02T19:22:21","guid":{"rendered":"http:\/\/futureindustrycongress.com\/ca\/homepage\/"},"modified":"2025-06-19T11:36:29","modified_gmt":"2025-06-19T11:36:29","slug":"homepage_cat","status":"publish","type":"page","link":"https:\/\/futureindustrycongress.com\/ca\/","title":{"rendered":"Homepage_cat"},"content":{"rendered":"","protected":false},"excerpt":{"rendered":"","protected":false},"author":3,"featured_media":10413,"parent":0,"menu_order":0,"comment_status":"closed","ping_status":"closed","template":"","meta":{"footnotes":""},"class_list":["post-4292","page","type-page","status-publish","has-post-thumbnail","hentry"],"yoast_head":"<!-- This site is optimized with the Yoast SEO plugin v27.4 - https:\/\/yoast.com\/product\/yoast-seo-wordpress\/ -->\n<title>Future Industry Congress - 3a edici\u00f3 | 27 novembre 2018 | Barcelona<\/title>\n<meta name=\"description\" content=\"\u00c9s el congr\u00e9s sobre\u00a0ind\u00fastria avan\u00e7ada, digital i connectada. Un espai on con\u00e8ixer les\u00a0tend\u00e8ncies i l\u2019estat de l\u2019art tecnol\u00f2gic de la f\u00e0brica del futur.\" \/>\n<meta name=\"robots\" content=\"index, follow, max-snippet:-1, max-image-preview:large, max-video-preview:-1\" \/>\n<link rel=\"canonical\" href=\"https:\/\/futureindustrycongress.com\/ca\/\" \/>\n<meta property=\"og:locale\" content=\"ca_ES\" \/>\n<meta property=\"og:type\" content=\"article\" \/>\n<meta property=\"og:title\" content=\"Future Industry Congress - 3a edici\u00f3 | 27 novembre 2018 | Barcelona\" \/>\n<meta property=\"og:description\" content=\"\u00c9s el congr\u00e9s sobre\u00a0ind\u00fastria avan\u00e7ada, digital i connectada. Un espai on con\u00e8ixer les\u00a0tend\u00e8ncies i l\u2019estat de l\u2019art tecnol\u00f2gic de la f\u00e0brica del futur.\" \/>\n<meta property=\"og:url\" content=\"https:\/\/futureindustrycongress.com\/ca\/\" \/>\n<meta property=\"og:site_name\" content=\"Future Industry Congress\" \/>\n<meta property=\"article:modified_time\" content=\"2025-06-19T11:36:29+00:00\" \/>\n<meta property=\"og:image\" content=\"https:\/\/futureindustrycongress.com\/wp-content\/uploads\/2018\/11\/FutureIndustryCongress2018.jpg\" \/>\n\t<meta property=\"og:image:width\" content=\"1024\" \/>\n\t<meta property=\"og:image:height\" content=\"512\" \/>\n\t<meta property=\"og:image:type\" content=\"image\/jpeg\" \/>\n<meta name=\"twitter:card\" content=\"summary_large_image\" \/>\n<script type=\"application\/ld+json\" class=\"yoast-schema-graph\">{\"@context\":\"https:\\\/\\\/schema.org\",\"@graph\":[{\"@type\":\"WebPage\",\"@id\":\"https:\\\/\\\/futureindustrycongress.com\\\/ca\\\/\",\"url\":\"https:\\\/\\\/futureindustrycongress.com\\\/ca\\\/\",\"name\":\"Future Industry Congress - 3a edici\u00f3 | 27 novembre 2018 | Barcelona\",\"isPartOf\":{\"@id\":\"https:\\\/\\\/futureindustrycongress.com\\\/ca\\\/#website\"},\"primaryImageOfPage\":{\"@id\":\"https:\\\/\\\/futureindustrycongress.com\\\/ca\\\/#primaryimage\"},\"image\":{\"@id\":\"https:\\\/\\\/futureindustrycongress.com\\\/ca\\\/#primaryimage\"},\"thumbnailUrl\":\"https:\\\/\\\/futureindustrycongress.com\\\/wp-content\\\/uploads\\\/2018\\\/11\\\/FutureIndustryCongress2018.jpg\",\"datePublished\":\"2014-12-02T19:22:21+00:00\",\"dateModified\":\"2025-06-19T11:36:29+00:00\",\"description\":\"\u00c9s el congr\u00e9s sobre\u00a0ind\u00fastria avan\u00e7ada, digital i connectada. Un espai on con\u00e8ixer les\u00a0tend\u00e8ncies i l\u2019estat de l\u2019art tecnol\u00f2gic de la f\u00e0brica del futur.\",\"breadcrumb\":{\"@id\":\"https:\\\/\\\/futureindustrycongress.com\\\/ca\\\/#breadcrumb\"},\"inLanguage\":\"ca\",\"potentialAction\":[{\"@type\":\"ReadAction\",\"target\":[\"https:\\\/\\\/futureindustrycongress.com\\\/ca\\\/\"]}]},{\"@type\":\"ImageObject\",\"inLanguage\":\"ca\",\"@id\":\"https:\\\/\\\/futureindustrycongress.com\\\/ca\\\/#primaryimage\",\"url\":\"https:\\\/\\\/futureindustrycongress.com\\\/wp-content\\\/uploads\\\/2018\\\/11\\\/FutureIndustryCongress2018.jpg\",\"contentUrl\":\"https:\\\/\\\/futureindustrycongress.com\\\/wp-content\\\/uploads\\\/2018\\\/11\\\/FutureIndustryCongress2018.jpg\",\"width\":1024,\"height\":512},{\"@type\":\"BreadcrumbList\",\"@id\":\"https:\\\/\\\/futureindustrycongress.com\\\/ca\\\/#breadcrumb\",\"itemListElement\":[{\"@type\":\"ListItem\",\"position\":1,\"name\":\"Portada\",\"item\":\"https:\\\/\\\/futureindustrycongress.com\\\/ca\\\/\"},{\"@type\":\"ListItem\",\"position\":2,\"name\":\"Homepage_cat\"}]},{\"@type\":\"WebSite\",\"@id\":\"https:\\\/\\\/futureindustrycongress.com\\\/ca\\\/#website\",\"url\":\"https:\\\/\\\/futureindustrycongress.com\\\/ca\\\/\",\"name\":\"Future Industry Congress\",\"description\":\"Future Industry Congress\",\"potentialAction\":[{\"@type\":\"SearchAction\",\"target\":{\"@type\":\"EntryPoint\",\"urlTemplate\":\"https:\\\/\\\/futureindustrycongress.com\\\/ca\\\/?s={search_term_string}\"},\"query-input\":{\"@type\":\"PropertyValueSpecification\",\"valueRequired\":true,\"valueName\":\"search_term_string\"}}],\"inLanguage\":\"ca\"}]}<\/script>\n<!-- \/ Yoast SEO plugin. -->","yoast_head_json":{"title":"Future Industry Congress - 3a edici\u00f3 | 27 novembre 2018 | Barcelona","description":"\u00c9s el congr\u00e9s sobre\u00a0ind\u00fastria avan\u00e7ada, digital i connectada. Un espai on con\u00e8ixer les\u00a0tend\u00e8ncies i l\u2019estat de l\u2019art tecnol\u00f2gic de la f\u00e0brica del futur.","robots":{"index":"index","follow":"follow","max-snippet":"max-snippet:-1","max-image-preview":"max-image-preview:large","max-video-preview":"max-video-preview:-1"},"canonical":"https:\/\/futureindustrycongress.com\/ca\/","og_locale":"ca_ES","og_type":"article","og_title":"Future Industry Congress - 3a edici\u00f3 | 27 novembre 2018 | Barcelona","og_description":"\u00c9s el congr\u00e9s sobre\u00a0ind\u00fastria avan\u00e7ada, digital i connectada. Un espai on con\u00e8ixer les\u00a0tend\u00e8ncies i l\u2019estat de l\u2019art tecnol\u00f2gic de la f\u00e0brica del futur.","og_url":"https:\/\/futureindustrycongress.com\/ca\/","og_site_name":"Future Industry Congress","article_modified_time":"2025-06-19T11:36:29+00:00","og_image":[{"width":1024,"height":512,"url":"https:\/\/futureindustrycongress.com\/wp-content\/uploads\/2018\/11\/FutureIndustryCongress2018.jpg","type":"image\/jpeg"}],"twitter_card":"summary_large_image","schema":{"@context":"https:\/\/schema.org","@graph":[{"@type":"WebPage","@id":"https:\/\/futureindustrycongress.com\/ca\/","url":"https:\/\/futureindustrycongress.com\/ca\/","name":"Future Industry Congress - 3a edici\u00f3 | 27 novembre 2018 | Barcelona","isPartOf":{"@id":"https:\/\/futureindustrycongress.com\/ca\/#website"},"primaryImageOfPage":{"@id":"https:\/\/futureindustrycongress.com\/ca\/#primaryimage"},"image":{"@id":"https:\/\/futureindustrycongress.com\/ca\/#primaryimage"},"thumbnailUrl":"https:\/\/futureindustrycongress.com\/wp-content\/uploads\/2018\/11\/FutureIndustryCongress2018.jpg","datePublished":"2014-12-02T19:22:21+00:00","dateModified":"2025-06-19T11:36:29+00:00","description":"\u00c9s el congr\u00e9s sobre\u00a0ind\u00fastria avan\u00e7ada, digital i connectada. Un espai on con\u00e8ixer les\u00a0tend\u00e8ncies i l\u2019estat de l\u2019art tecnol\u00f2gic de la f\u00e0brica del futur.","breadcrumb":{"@id":"https:\/\/futureindustrycongress.com\/ca\/#breadcrumb"},"inLanguage":"ca","potentialAction":[{"@type":"ReadAction","target":["https:\/\/futureindustrycongress.com\/ca\/"]}]},{"@type":"ImageObject","inLanguage":"ca","@id":"https:\/\/futureindustrycongress.com\/ca\/#primaryimage","url":"https:\/\/futureindustrycongress.com\/wp-content\/uploads\/2018\/11\/FutureIndustryCongress2018.jpg","contentUrl":"https:\/\/futureindustrycongress.com\/wp-content\/uploads\/2018\/11\/FutureIndustryCongress2018.jpg","width":1024,"height":512},{"@type":"BreadcrumbList","@id":"https:\/\/futureindustrycongress.com\/ca\/#breadcrumb","itemListElement":[{"@type":"ListItem","position":1,"name":"Portada","item":"https:\/\/futureindustrycongress.com\/ca\/"},{"@type":"ListItem","position":2,"name":"Homepage_cat"}]},{"@type":"WebSite","@id":"https:\/\/futureindustrycongress.com\/ca\/#website","url":"https:\/\/futureindustrycongress.com\/ca\/","name":"Future Industry Congress","description":"Future Industry Congress","potentialAction":[{"@type":"SearchAction","target":{"@type":"EntryPoint","urlTemplate":"https:\/\/futureindustrycongress.com\/ca\/?s={search_term_string}"},"query-input":{"@type":"PropertyValueSpecification","valueRequired":true,"valueName":"search_term_string"}}],"inLanguage":"ca"}]}},"_links":{"self":[{"href":"https:\/\/futureindustrycongress.com\/ca\/wp-json\/wp\/v2\/pages\/4292","targetHints":{"allow":["GET"]}}],"collection":[{"href":"https:\/\/futureindustrycongress.com\/ca\/wp-json\/wp\/v2\/pages"}],"about":[{"href":"https:\/\/futureindustrycongress.com\/ca\/wp-json\/wp\/v2\/types\/page"}],"author":[{"embeddable":true,"href":"https:\/\/futureindustrycongress.com\/ca\/wp-json\/wp\/v2\/users\/3"}],"replies":[{"embeddable":true,"href":"https:\/\/futureindustrycongress.com\/ca\/wp-json\/wp\/v2\/comments?post=4292"}],"version-history":[{"count":0,"href":"https:\/\/futureindustrycongress.com\/ca\/wp-json\/wp\/v2\/pages\/4292\/revisions"}],"wp:featuredmedia":[{"embeddable":true,"href":"https:\/\/futureindustrycongress.com\/ca\/wp-json\/wp\/v2\/media\/10413"}],"wp:attachment":[{"href":"https:\/\/futureindustrycongress.com\/ca\/wp-json\/wp\/v2\/media?parent=4292"}],"curies":[{"name":"wp","href":"https:\/\/api.w.org\/{rel}","templated":true}]}}