{"id":9444,"date":"2018-08-01T07:25:16","date_gmt":"2018-08-01T07:25:16","guid":{"rendered":"https:\/\/futureindustrycongress.com\/donde\/"},"modified":"2025-06-19T11:36:34","modified_gmt":"2025-06-19T11:36:34","slug":"on","status":"publish","type":"page","link":"https:\/\/futureindustrycongress.com\/ca\/on\/","title":{"rendered":"Nova ubicaci\u00f3"},"content":{"rendered":"","protected":false},"excerpt":{"rendered":"","protected":false},"author":7,"featured_media":0,"parent":0,"menu_order":0,"comment_status":"closed","ping_status":"closed","template":"","meta":{"footnotes":""},"class_list":["post-9444","page","type-page","status-publish","hentry"],"yoast_head":"<!-- This site is optimized with the Yoast SEO plugin v27.5 - https:\/\/yoast.com\/product\/yoast-seo-wordpress\/ -->\n<title>Nova ubicaci\u00f3 - Future Industry Congress<\/title>\n<meta name=\"description\" content=\"La 3a edici\u00f3 del Future Industry Congress se celebrar\u00e0 a l&#039;Espai Bital a Barcelona el dia 27 de novembre de 2018\" \/>\n<meta name=\"robots\" content=\"index, follow, max-snippet:-1, max-image-preview:large, max-video-preview:-1\" \/>\n<link rel=\"canonical\" href=\"https:\/\/futureindustrycongress.com\/ca\/on\/\" \/>\n<meta property=\"og:locale\" content=\"ca_ES\" \/>\n<meta property=\"og:type\" content=\"article\" \/>\n<meta property=\"og:title\" content=\"Nova ubicaci\u00f3 - Future Industry Congress\" \/>\n<meta property=\"og:description\" content=\"La 3a edici\u00f3 del Future Industry Congress se celebrar\u00e0 a l&#039;Espai Bital a Barcelona el dia 27 de novembre de 2018\" \/>\n<meta property=\"og:url\" content=\"https:\/\/futureindustrycongress.com\/ca\/on\/\" \/>\n<meta property=\"og:site_name\" content=\"Future Industry Congress\" \/>\n<meta property=\"article:modified_time\" content=\"2025-06-19T11:36:34+00:00\" \/>\n<meta name=\"twitter:card\" content=\"summary_large_image\" \/>\n<script type=\"application\/ld+json\" class=\"yoast-schema-graph\">{\"@context\":\"https:\\\/\\\/schema.org\",\"@graph\":[{\"@type\":\"WebPage\",\"@id\":\"https:\\\/\\\/futureindustrycongress.com\\\/ca\\\/on\\\/\",\"url\":\"https:\\\/\\\/futureindustrycongress.com\\\/ca\\\/on\\\/\",\"name\":\"Nova ubicaci\u00f3 - Future Industry Congress\",\"isPartOf\":{\"@id\":\"https:\\\/\\\/futureindustrycongress.com\\\/ca\\\/#website\"},\"datePublished\":\"2018-08-01T07:25:16+00:00\",\"dateModified\":\"2025-06-19T11:36:34+00:00\",\"description\":\"La 3a edici\u00f3 del Future Industry Congress se celebrar\u00e0 a l'Espai Bital a Barcelona el dia 27 de novembre de 2018\",\"breadcrumb\":{\"@id\":\"https:\\\/\\\/futureindustrycongress.com\\\/ca\\\/on\\\/#breadcrumb\"},\"inLanguage\":\"ca\",\"potentialAction\":[{\"@type\":\"ReadAction\",\"target\":[\"https:\\\/\\\/futureindustrycongress.com\\\/ca\\\/on\\\/\"]}]},{\"@type\":\"BreadcrumbList\",\"@id\":\"https:\\\/\\\/futureindustrycongress.com\\\/ca\\\/on\\\/#breadcrumb\",\"itemListElement\":[{\"@type\":\"ListItem\",\"position\":1,\"name\":\"Portada\",\"item\":\"https:\\\/\\\/futureindustrycongress.com\\\/ca\\\/\"},{\"@type\":\"ListItem\",\"position\":2,\"name\":\"Nova ubicaci\u00f3\"}]},{\"@type\":\"WebSite\",\"@id\":\"https:\\\/\\\/futureindustrycongress.com\\\/ca\\\/#website\",\"url\":\"https:\\\/\\\/futureindustrycongress.com\\\/ca\\\/\",\"name\":\"Future Industry Congress\",\"description\":\"Future Industry Congress\",\"potentialAction\":[{\"@type\":\"SearchAction\",\"target\":{\"@type\":\"EntryPoint\",\"urlTemplate\":\"https:\\\/\\\/futureindustrycongress.com\\\/ca\\\/?s={search_term_string}\"},\"query-input\":{\"@type\":\"PropertyValueSpecification\",\"valueRequired\":true,\"valueName\":\"search_term_string\"}}],\"inLanguage\":\"ca\"}]}<\/script>\n<!-- \/ Yoast SEO plugin. -->","yoast_head_json":{"title":"Nova ubicaci\u00f3 - Future Industry Congress","description":"La 3a edici\u00f3 del Future Industry Congress se celebrar\u00e0 a l'Espai Bital a Barcelona el dia 27 de novembre de 2018","robots":{"index":"index","follow":"follow","max-snippet":"max-snippet:-1","max-image-preview":"max-image-preview:large","max-video-preview":"max-video-preview:-1"},"canonical":"https:\/\/futureindustrycongress.com\/ca\/on\/","og_locale":"ca_ES","og_type":"article","og_title":"Nova ubicaci\u00f3 - Future Industry Congress","og_description":"La 3a edici\u00f3 del Future Industry Congress se celebrar\u00e0 a l'Espai Bital a Barcelona el dia 27 de novembre de 2018","og_url":"https:\/\/futureindustrycongress.com\/ca\/on\/","og_site_name":"Future Industry Congress","article_modified_time":"2025-06-19T11:36:34+00:00","twitter_card":"summary_large_image","schema":{"@context":"https:\/\/schema.org","@graph":[{"@type":"WebPage","@id":"https:\/\/futureindustrycongress.com\/ca\/on\/","url":"https:\/\/futureindustrycongress.com\/ca\/on\/","name":"Nova ubicaci\u00f3 - Future Industry Congress","isPartOf":{"@id":"https:\/\/futureindustrycongress.com\/ca\/#website"},"datePublished":"2018-08-01T07:25:16+00:00","dateModified":"2025-06-19T11:36:34+00:00","description":"La 3a edici\u00f3 del Future Industry Congress se celebrar\u00e0 a l'Espai Bital a Barcelona el dia 27 de novembre de 2018","breadcrumb":{"@id":"https:\/\/futureindustrycongress.com\/ca\/on\/#breadcrumb"},"inLanguage":"ca","potentialAction":[{"@type":"ReadAction","target":["https:\/\/futureindustrycongress.com\/ca\/on\/"]}]},{"@type":"BreadcrumbList","@id":"https:\/\/futureindustrycongress.com\/ca\/on\/#breadcrumb","itemListElement":[{"@type":"ListItem","position":1,"name":"Portada","item":"https:\/\/futureindustrycongress.com\/ca\/"},{"@type":"ListItem","position":2,"name":"Nova ubicaci\u00f3"}]},{"@type":"WebSite","@id":"https:\/\/futureindustrycongress.com\/ca\/#website","url":"https:\/\/futureindustrycongress.com\/ca\/","name":"Future Industry Congress","description":"Future Industry Congress","potentialAction":[{"@type":"SearchAction","target":{"@type":"EntryPoint","urlTemplate":"https:\/\/futureindustrycongress.com\/ca\/?s={search_term_string}"},"query-input":{"@type":"PropertyValueSpecification","valueRequired":true,"valueName":"search_term_string"}}],"inLanguage":"ca"}]}},"_links":{"self":[{"href":"https:\/\/futureindustrycongress.com\/ca\/wp-json\/wp\/v2\/pages\/9444","targetHints":{"allow":["GET"]}}],"collection":[{"href":"https:\/\/futureindustrycongress.com\/ca\/wp-json\/wp\/v2\/pages"}],"about":[{"href":"https:\/\/futureindustrycongress.com\/ca\/wp-json\/wp\/v2\/types\/page"}],"author":[{"embeddable":true,"href":"https:\/\/futureindustrycongress.com\/ca\/wp-json\/wp\/v2\/users\/7"}],"replies":[{"embeddable":true,"href":"https:\/\/futureindustrycongress.com\/ca\/wp-json\/wp\/v2\/comments?post=9444"}],"version-history":[{"count":0,"href":"https:\/\/futureindustrycongress.com\/ca\/wp-json\/wp\/v2\/pages\/9444\/revisions"}],"wp:attachment":[{"href":"https:\/\/futureindustrycongress.com\/ca\/wp-json\/wp\/v2\/media?parent=9444"}],"curies":[{"name":"wp","href":"https:\/\/api.w.org\/{rel}","templated":true}]}}